{"id":15620,"date":"2023-01-18T10:02:49","date_gmt":"2023-01-18T13:02:49","guid":{"rendered":"https:\/\/elking.com.br\/cart\/"},"modified":"2025-10-30T10:12:19","modified_gmt":"2025-10-30T13:12:19","slug":"cart","status":"publish","type":"page","link":"https:\/\/elking.com.br\/en\/cart\/","title":{"rendered":"Cart"},"content":{"rendered":"\t\t<div data-elementor-type=\"wp-page\" data-elementor-id=\"15620\" class=\"elementor elementor-15620 elementor-6\" data-elementor-post-type=\"page\">\n\t\t\t\t<div class=\"elementor-element elementor-element-a8e6932 e-flex e-con-boxed e-con e-parent\" data-id=\"a8e6932\" data-element_type=\"container\" data-e-type=\"container\">\n\t\t\t\t\t<div class=\"e-con-inner\">\n\t\t\t\t<div class=\"elementor-element elementor-element-d325be3 elementor-widget elementor-widget-heading\" data-id=\"d325be3\" data-element_type=\"widget\" data-e-type=\"widget\" data-widget_type=\"heading.default\">\n\t\t\t\t<div class=\"elementor-widget-container\">\n\t\t\t\t\t<h2 class=\"elementor-heading-title elementor-size-default\">Seu carrinho<\/h2>\t\t\t\t<\/div>\n\t\t\t\t<\/div>\n\t\t\t\t<div class=\"elementor-element elementor-element-4e2c37f elementor-widget elementor-widget-text-editor\" data-id=\"4e2c37f\" data-element_type=\"widget\" data-e-type=\"widget\" data-widget_type=\"text-editor.default\">\n\t\t\t\t<div class=\"elementor-widget-container\">\n\t\t\t\t\t\t\t\t\t<p>Confira os produtos adicionados ao seu carrinho at\u00e9 o momento. Os valores de frete dispon\u00edveis para sua regi\u00e3o estar\u00e3o na pr\u00f3xima p\u00e1gina de pagamento.<\/p>\t\t\t\t\t\t\t\t<\/div>\n\t\t\t\t<\/div>\n\t\t\t\t\t<\/div>\n\t\t\t\t<\/div>\n\t\t\t\t<\/div>\n\t\t","protected":false},"excerpt":{"rendered":"","protected":false},"author":304,"featured_media":0,"parent":0,"menu_order":0,"comment_status":"closed","ping_status":"closed","template":"elementor_header_footer","meta":{"_acf_changed":false,"_joinchat":[],"footnotes":""},"class_list":["post-15620","page","type-page","status-publish","hentry"],"acf":[],"yoast_head":"<!-- This site is optimized with the Yoast SEO plugin v27.4 - https:\/\/yoast.com\/product\/yoast-seo-wordpress\/ -->\n<title>Cart<\/title>\n<meta name=\"robots\" content=\"index, follow, max-snippet:-1, max-image-preview:large, max-video-preview:-1\" \/>\n<link rel=\"canonical\" href=\"https:\/\/elking.com.br\/en\/cart\/\" \/>\n<meta property=\"og:locale\" content=\"en_US\" \/>\n<meta property=\"og:type\" content=\"article\" \/>\n<meta property=\"og:title\" content=\"Cart\" \/>\n<meta property=\"og:url\" content=\"https:\/\/elking.com.br\/en\/cart\/\" \/>\n<meta property=\"og:site_name\" content=\"El King | Loja de Baralhos Online\" \/>\n<meta property=\"article:modified_time\" content=\"2025-10-30T13:12:19+00:00\" \/>\n<meta name=\"twitter:card\" content=\"summary_large_image\" \/>\n<!-- \/ Yoast SEO plugin. -->","yoast_head_json":{"title":"Cart","robots":{"index":"index","follow":"follow","max-snippet":"max-snippet:-1","max-image-preview":"max-image-preview:large","max-video-preview":"max-video-preview:-1"},"canonical":"https:\/\/elking.com.br\/en\/cart\/","og_locale":"en_US","og_type":"article","og_title":"Cart","og_url":"https:\/\/elking.com.br\/en\/cart\/","og_site_name":"El King | Loja de Baralhos Online","article_modified_time":"2025-10-30T13:12:19+00:00","twitter_card":"summary_large_image","schema":{"@context":"https:\/\/schema.org","@graph":[{"@type":"WebPage","@id":"https:\/\/elking.com.br\/en\/cart\/","url":"https:\/\/elking.com.br\/en\/cart\/","name":"Cart","isPartOf":{"@id":"https:\/\/elking.com.br\/en\/#website"},"datePublished":"2023-01-18T13:02:49+00:00","dateModified":"2025-10-30T13:12:19+00:00","breadcrumb":{"@id":"https:\/\/elking.com.br\/en\/cart\/#breadcrumb"},"inLanguage":"en-US","potentialAction":[{"@type":"ReadAction","target":["https:\/\/elking.com.br\/en\/cart\/"]}]},{"@type":"BreadcrumbList","@id":"https:\/\/elking.com.br\/en\/cart\/#breadcrumb","itemListElement":[{"@type":"ListItem","position":1,"name":"Home","item":"https:\/\/elking.com.br\/en\/"},{"@type":"ListItem","position":2,"name":"Cart"}]},{"@type":"WebSite","@id":"https:\/\/elking.com.br\/en\/#website","url":"https:\/\/elking.com.br\/en\/","name":"El King | Loja de Baralhos Online","description":"My WordPress Blog","publisher":{"@id":"https:\/\/elking.com.br\/en\/#organization"},"potentialAction":[{"@type":"SearchAction","target":{"@type":"EntryPoint","urlTemplate":"https:\/\/elking.com.br\/en\/?s={search_term_string}"},"query-input":{"@type":"PropertyValueSpecification","valueRequired":true,"valueName":"search_term_string"}}],"inLanguage":"en-US"},{"@type":"Organization","@id":"https:\/\/elking.com.br\/en\/#organization","name":"El King | Loja de Baralhos Online","url":"https:\/\/elking.com.br\/en\/","logo":{"@type":"ImageObject","inLanguage":"en-US","@id":"https:\/\/elking.com.br\/en\/#\/schema\/logo\/image\/","url":"","contentUrl":"","caption":"El King | Loja de Baralhos Online"},"image":{"@id":"https:\/\/elking.com.br\/en\/#\/schema\/logo\/image\/"},"sameAs":["https:\/\/www.instagram.com\/elkingcards\/","https:\/\/www.youtube.com\/channel\/UC89_xKMSFW7cB0bDhuPRZ3g","https:\/\/www.tiktok.com\/@elkingcards"]}]}},"_links":{"self":[{"href":"https:\/\/elking.com.br\/en\/wp-json\/wp\/v2\/pages\/15620","targetHints":{"allow":["GET"]}}],"collection":[{"href":"https:\/\/elking.com.br\/en\/wp-json\/wp\/v2\/pages"}],"about":[{"href":"https:\/\/elking.com.br\/en\/wp-json\/wp\/v2\/types\/page"}],"author":[{"embeddable":true,"href":"https:\/\/elking.com.br\/en\/wp-json\/wp\/v2\/users\/304"}],"replies":[{"embeddable":true,"href":"https:\/\/elking.com.br\/en\/wp-json\/wp\/v2\/comments?post=15620"}],"version-history":[{"count":0,"href":"https:\/\/elking.com.br\/en\/wp-json\/wp\/v2\/pages\/15620\/revisions"}],"wp:attachment":[{"href":"https:\/\/elking.com.br\/en\/wp-json\/wp\/v2\/media?parent=15620"}],"curies":[{"name":"wp","href":"https:\/\/api.w.org\/{rel}","templated":true}]}}